{"id":411,"date":"2023-03-20T07:11:45","date_gmt":"2023-03-20T06:11:45","guid":{"rendered":"https:\/\/gabriele-rohr.com\/?page_id=411"},"modified":"2024-05-22T14:55:03","modified_gmt":"2024-05-22T12:55:03","slug":"ueber-mich","status":"publish","type":"page","link":"https:\/\/gabriele-rohr.com\/sv\/ueber-mich\/","title":{"rendered":"Om mig!"},"content":{"rendered":"<p>[et_pb_section fb_built=&#8220;1&#8243; admin_label=&#8220;Header&#8220; _builder_version=&#8220;4.20.2&#8243; _module_preset=&#8220;default&#8220; background_enable_image=&#8220;off&#8220; custom_margin=&#8220;0px||||false|false&#8220; custom_padding=&#8220;0px||0px||false|false&#8220; locked=&#8220;off&#8220; collapsed=&#8220;off&#8220; global_colors_info=&#8220;{}&#8220;][et_pb_row _builder_version=&#8220;4.20.2&#8243; _module_preset=&#8220;default&#8220; module_alignment=&#8220;center&#8220; custom_margin=&#8220;||0px||false|false&#8220; custom_padding=&#8220;0px||0px||false|false&#8220; global_colors_info=&#8220;{}&#8220;][et_pb_column type=&#8220;4_4&#8243; _builder_version=&#8220;4.20.2&#8243; _module_preset=&#8220;default&#8220; background_color=&#8220;#ffffff&#8220; global_colors_info=&#8220;{}&#8220;][et_pb_code _builder_version=&#8220;4.20.4&#8243; _module_preset=&#8220;default&#8220; background_color=&#8220;#ffffff&#8220; text_orientation=&#8220;center&#8220; module_alignment=&#8220;center&#8220; global_colors_info=&#8220;{}&#8220;]<div class=\"trp_language_switcher_shortcode\">\n<div class=\"trp-language-switcher trp-language-switcher-container\" data-no-translation>\n    <div class=\"trp-ls-shortcode-current-language\">\n        <a href=\"#\" class=\"trp-ls-shortcode-disabled-language trp-ls-disabled-language\" title=\"Svenska\" onclick=\"event.preventDefault()\">\n\t\t\t<img loading=\"lazy\" decoding=\"async\" class=\"trp-flag-image\" src=\"https:\/\/gabriele-rohr.com\/wp-content\/plugins\/translatepress-multilingual\/assets\/images\/flags\/sv_SE.png\" width=\"18\" height=\"12\" alt=\"sv_SE\" title=\"Svenska\"> Svenska\t\t<\/a>\n    <\/div>\n    <div class=\"trp-ls-shortcode-language\">\n                <a href=\"#\" class=\"trp-ls-shortcode-disabled-language trp-ls-disabled-language\"  title=\"Svenska\" onclick=\"event.preventDefault()\">\n\t\t\t<img loading=\"lazy\" decoding=\"async\" class=\"trp-flag-image\" src=\"https:\/\/gabriele-rohr.com\/wp-content\/plugins\/translatepress-multilingual\/assets\/images\/flags\/sv_SE.png\" width=\"18\" height=\"12\" alt=\"sv_SE\" title=\"Svenska\"> Svenska\t\t<\/a>\n                    <a href=\"https:\/\/gabriele-rohr.com\/sv\/wp-json\/wp\/v2\/pages\/411\" title=\"Deutsch\">\n            <img loading=\"lazy\" decoding=\"async\" class=\"trp-flag-image\" src=\"https:\/\/gabriele-rohr.com\/wp-content\/plugins\/translatepress-multilingual\/assets\/images\/flags\/de_DE.png\" width=\"18\" height=\"12\" alt=\"de_DE\" title=\"Deutsch\"> Deutsch        <\/a>\n\n        <\/div>\n    <script type=\"application\/javascript\">\n        \/\/ need to have the same with set from JS on both divs. Otherwise it can push stuff around in HTML\n        var trp_ls_shortcodes = document.querySelectorAll('.trp_language_switcher_shortcode .trp-language-switcher');\n        if ( trp_ls_shortcodes.length > 0) {\n            \/\/ get the last language switcher added\n            var trp_el = trp_ls_shortcodes[trp_ls_shortcodes.length - 1];\n\n            var trp_shortcode_language_item = trp_el.querySelector( '.trp-ls-shortcode-language' )\n            \/\/ set width\n            var trp_ls_shortcode_width                                               = trp_shortcode_language_item.offsetWidth + 16;\n            trp_shortcode_language_item.style.width                                  = trp_ls_shortcode_width + 'px';\n            trp_el.querySelector( '.trp-ls-shortcode-current-language' ).style.width = trp_ls_shortcode_width + 'px';\n\n            \/\/ We're putting this on display: none after we have its width.\n            trp_shortcode_language_item.style.display = 'none';\n        }\n    <\/script>\n<\/div>\n<\/div>[\/et_pb_code][\/et_pb_column][\/et_pb_row][\/et_pb_section][et_pb_section fb_built=&#8220;1&#8243; admin_label=&#8220;Call to Action&#8220; _builder_version=&#8220;4.17.4&#8243; _module_preset=&#8220;default&#8220; background_color=&#8220;#F6F3EF&#8220; collapsed=&#8220;on&#8220; global_colors_info=&#8220;{}&#8220;][et_pb_row column_structure=&#8220;1_2,1_2&#8243; make_equal=&#8220;on&#8220; custom_padding_last_edited=&#8220;on|phone&#8220; _builder_version=&#8220;4.20.2&#8243; _module_preset=&#8220;default&#8220; custom_padding=&#8220;50px|50px|50px|50px|true|true&#8220; custom_padding_tablet=&#8220;30px|30px|30px|30px|true|true&#8220; custom_padding_phone=&#8220;20px|20px|20px|20px|true|true&#8220; border_width_all=&#8220;4px&#8220; border_color_all=&#8220;#FF6A00&#8243; global_colors_info=&#8220;{}&#8220;][et_pb_column type=&#8220;1_2&#8243; _builder_version=&#8220;4.17.4&#8243; _module_preset=&#8220;default&#8220; global_colors_info=&#8220;{}&#8220;][et_pb_image src=&#8220;https:\/\/gabriele-rohr.com\/wp-content\/uploads\/Gabriele-Rohr-Ueber-Mich.png&#8220; alt=&#8220;Gabriele Rohr Ueber Mich&#8220; title_text=&#8220;Gabriele Rohr Ueber Mich&#8220; _builder_version=&#8220;4.20.4&#8243; _module_preset=&#8220;default&#8220; width=&#8220;100%&#8220; custom_margin=&#8220;||-240px||false|false&#8220; custom_margin_tablet=&#8220;||0px||false|false&#8220; custom_margin_phone=&#8220;||0px||false|false&#8220; custom_margin_last_edited=&#8220;on|tablet&#8220; border_width_all=&#8220;2px&#8220; border_color_all=&#8220;#ffffff&#8220; box_shadow_style=&#8220;preset3&#8243; box_shadow_vertical=&#8220;72px&#8220; box_shadow_blur=&#8220;56px&#8220; box_shadow_spread=&#8220;-48px&#8220; global_colors_info=&#8220;{}&#8220;][\/et_pb_image][\/et_pb_column][et_pb_column type=&#8220;1_2&#8243; module_class=&#8220;vertikal-zentrieren&#8220; _builder_version=&#8220;4.20.2&#8243; _module_preset=&#8220;default&#8220; global_colors_info=&#8220;{}&#8220;][et_pb_text content_tablet=&#8220;<\/p>\n<h1 style=\"%22text-align:\" center;%22>Om mig!<\/h1>\n<p>&#8220; content_phone=&#8220;<\/p>\n<h1>Om mig!<\/h1>\n<p>&#8220; content_last_edited=&#8220;on|phone&#8220; _builder_version=&#8220;4.20.2&#8243; _module_preset=&#8220;b327cbe4-b1d5-4b66-ad37-40c8f2f061ba&#8220; header_text_color=&#8220;#0F1A20&#8243; header_font_size=&#8220;55px&#8220; header_2_font=&#8220;Jost|600|||||||&#8220; header_2_text_color=&#8220;#000000&#8243; header_2_font_size=&#8220;48px&#8220; header_2_line_height=&#8220;1.2em&#8220; text_orientation=&#8220;center&#8220; header_font_size_tablet=&#8220;55px&#8220; header_font_size_phone=&#8220;45px&#8220; header_font_size_last_edited=&#8220;on|phone&#8220; header_2_font_size_tablet=&#8220;32px&#8220; header_2_font_size_phone=&#8220;20px&#8220; header_2_font_size_last_edited=&#8220;on|desktop&#8220; global_colors_info=&#8220;{}&#8220;]<\/p>\n<h1 style=\"text-align: left;\">Om mig!<\/h1>\n<p>[\/et_pb_text][\/et_pb_column][\/et_pb_row][et_pb_row column_structure=&#8220;1_2,1_2&#8243; _builder_version=&#8220;4.20.2&#8243; _module_preset=&#8220;default&#8220; custom_margin=&#8220;||0px||false|false&#8220; custom_padding=&#8220;||0px||false|false&#8220; global_colors_info=&#8220;{}&#8220;][et_pb_column type=&#8220;1_2&#8243; _builder_version=&#8220;4.20.2&#8243; _module_preset=&#8220;default&#8220; global_colors_info=&#8220;{}&#8220;][et_pb_image src=&#8220;https:\/\/gabriele-rohr.com\/wp-content\/uploads\/Atelier-mit-Gelbregen.jpg&#8220; alt=&#8220;Atelier mit Gelbregen&#8220; title_text=&#8220;Atelier mit Gelbregen&#8220; align=&#8220;right&#8220; disabled_on=&#8220;on|on|off&#8220; _builder_version=&#8220;4.20.4&#8243; _module_preset=&#8220;default&#8220; width=&#8220;90%&#8220; custom_margin=&#8220;250px||||false|false&#8220; global_colors_info=&#8220;{}&#8220;][\/et_pb_image][\/et_pb_column][et_pb_column type=&#8220;1_2&#8243; _builder_version=&#8220;4.20.2&#8243; _module_preset=&#8220;default&#8220; global_colors_info=&#8220;{}&#8220;][et_pb_text _builder_version=&#8220;4.21.0&#8243; _module_preset=&#8220;1f09816e-184e-4ce5-a4cf-b39c52c423ca&#8220; text_font=&#8220;Open Sans||||||||&#8220; text_text_color=&#8220;#666666&#8243; custom_padding=&#8220;||0px||false|false&#8220; text_font_size_tablet=&#8220;15px&#8220; text_font_size_phone=&#8220;14px&#8220; text_font_size_last_edited=&#8220;on|phone&#8220; header_font_size_tablet=&#8220;55px&#8220; header_font_size_last_edited=&#8220;off|desktop&#8220; global_colors_info=&#8220;{}&#8220;]<\/p>\n<p>Jag heter Gabriele Rohr och bor tillsammans med min man i vackra Sm\u00e5land sedan 2005.<\/p>\n<p>Jag v\u00e4xte upp i DDR, var aktiv som t\u00e4vlingsidrottare i 20 \u00e5r, studerade idrott och drev mitt eget idrottsf\u00f6retag efter \u00e5terf\u00f6reningen mellan \u00f6st- och v\u00e4sttyskland \u00e5r 1990.<br \/>Vid n\u00e5gon tidpunkt mognade beslutet att emigrera.<\/p>\n<p>Nu njuter vi av v\u00e5rt liv h\u00e4r mitt i den underbara naturen och kan leva leva livet som vi vill.<\/p>\n<p>Det var h\u00e4r i Sverige som jag f\u00f6r f\u00f6rsta g\u00e5ngen kom i kontakt med det traditionella hantverket v\u00e4vning. Eftersom jag alltid varit intresserad av hantverk i hela mitt liv blev jag genast nyfiken och anm\u00e4lde mig till en kurs. \u00c4n idag tr\u00e4ffas vi kvinnor regelbundet f\u00f6r att v\u00e4va tillsammans, d\u00e4r hantverket kommer i f\u00f6rsta hand.<\/p>\n<p>Jag har nu skapat en egen v\u00e4vstuga och atelj\u00e9n med f\u00f6rs\u00e4ljning hemma hos mig. H\u00e4r kan jag kombinera mina hantverkskunskaper med min kreativitet p\u00e5 ett s\u00e4tt som \u00e4r perfekt f\u00f6r mig.<\/p>\n<p>P\u00e5 mina 6 olika v\u00e4vstolar kan jag skapa mina egna  v\u00e4vnader och tr\u00f6ttnar aldrig p\u00e5 att testa nya tekniker. Jag l\u00e4gger stor vikt vid valet av material, vars kombinationer skapar o\u00e4ndliga m\u00f6jligheter.<\/p>\n<p>Jag h\u00e5ller med Albert Einstein: Det som \u00e4r t\u00e4nkbart \u00e4r ocks\u00e5 genomf\u00f6rbart<strong><br \/><\/strong><\/p>\n<p>[\/et_pb_text][\/et_pb_column][\/et_pb_row][\/et_pb_section][et_pb_section fb_built=&#8220;1&#8243; disabled_on=&#8220;off|off|off&#8220; _builder_version=&#8220;4.24.0&#8243; _module_preset=&#8220;default&#8220; background_color=&#8220;#F26419&#8243; custom_margin=&#8220;0px||0px||false|false&#8220; custom_padding=&#8220;0px||0px||false|false&#8220; global_colors_info=&#8220;{}&#8220;][et_pb_row _builder_version=&#8220;4.20.4&#8243; _module_preset=&#8220;default&#8220; global_colors_info=&#8220;{}&#8220;][et_pb_column type=&#8220;4_4&#8243; _builder_version=&#8220;4.20.4&#8243; _module_preset=&#8220;default&#8220; global_colors_info=&#8220;{}&#8220;][et_pb_text admin_label=&#8220;Hinweis auf Lieblingsst\u00fccke&#8220; _builder_version=&#8220;4.20.4&#8243; _module_preset=&#8220;default&#8220; text_font=&#8220;mulish-regular||||||||&#8220; text_text_color=&#8220;#F4F3EE&#8220; global_colors_info=&#8220;{}&#8220;]<\/p>\n<p style=\"text-align: center;\">Titta p\u00e5 mina Favoritv\u00e4vnader!<\/p>\n<p>[\/et_pb_text][et_pb_button button_url=&#8220;https:\/\/gabriele-rohr.com\/lieblingsteile\/&#8220; url_new_window=&#8220;on&#8220; button_text=&#8220;Klick hier!&#8220; button_alignment=&#8220;center&#8220; _builder_version=&#8220;4.24.0&#8243; _module_preset=&#8220;db46e67d-9505-40bb-9ebd-8901bc8b3a95&#8243; custom_button=&#8220;on&#8220; button_text_size=&#8220;16px&#8220; button_text_color=&#8220;#0F1A20&#8243; button_bg_color=&#8220;#F26419&#8243; button_border_width=&#8220;0px&#8220; button_border_color=&#8220;#0F1A20&#8243; button_border_radius=&#8220;0px&#8220; button_font=&#8220;|||on|||||&#8220; button_icon=&#8220;&#xe04e;||divi||400&#8243; button_icon_color=&#8220;#0F1A20&#8243; custom_padding=&#8220;0px|0px|0px|0px|true|true&#8220; global_colors_info=&#8220;{}&#8220;][\/et_pb_button][\/et_pb_column][\/et_pb_row][\/et_pb_section][et_pb_section fb_built=&#8220;1&#8243; disabled_on=&#8220;off|off|on&#8220; _builder_version=&#8220;4.21.0&#8243; _module_preset=&#8220;default&#8220; global_colors_info=&#8220;{}&#8220;][et_pb_row _builder_version=&#8220;4.21.0&#8243; _module_preset=&#8220;default&#8220; global_colors_info=&#8220;{}&#8220;][et_pb_column type=&#8220;4_4&#8243; _builder_version=&#8220;4.21.0&#8243; _module_preset=&#8220;default&#8220; global_colors_info=&#8220;{}&#8220;][et_pb_image src=&#8220;https:\/\/gabriele-rohr.com\/wp-content\/uploads\/Atelier-mit-Gelbregen.jpg&#8220; alt=&#8220;Atelier mit Gelbregen&#8220; title_text=&#8220;Atelier mit Gelbregen&#8220; disabled_on=&#8220;off|off|on&#8220; _builder_version=&#8220;4.21.0&#8243; _module_preset=&#8220;default&#8220; width=&#8220;100%&#8220; width_tablet=&#8220;100%&#8220; width_phone=&#8220;100%&#8220; width_last_edited=&#8220;on|phone&#8220; max_width=&#8220;100%&#8220; module_alignment=&#8220;center&#8220; global_colors_info=&#8220;{}&#8220;][\/et_pb_image][\/et_pb_column][\/et_pb_row][\/et_pb_section]<\/p>","protected":false},"excerpt":{"rendered":"<p><div class=\"trp_language_switcher_shortcode\">\n<div class=\"trp-language-switcher trp-language-switcher-container\" data-no-translation>\n    <div class=\"trp-ls-shortcode-current-language\">\n        <a href=\"#\" class=\"trp-ls-shortcode-disabled-language trp-ls-disabled-language\" title=\"Svenska\" onclick=\"event.preventDefault()\">\n\t\t\t<img loading=\"lazy\" decoding=\"async\" class=\"trp-flag-image\" src=\"https:\/\/gabriele-rohr.com\/wp-content\/plugins\/translatepress-multilingual\/assets\/images\/flags\/sv_SE.png\" width=\"18\" height=\"12\" alt=\"sv_SE\" title=\"Svenska\"> Svenska\t\t<\/a>\n    <\/div>\n    <div class=\"trp-ls-shortcode-language\">\n                <a href=\"#\" class=\"trp-ls-shortcode-disabled-language trp-ls-disabled-language\"  title=\"Svenska\" onclick=\"event.preventDefault()\">\n\t\t\t<img loading=\"lazy\" decoding=\"async\" class=\"trp-flag-image\" src=\"https:\/\/gabriele-rohr.com\/wp-content\/plugins\/translatepress-multilingual\/assets\/images\/flags\/sv_SE.png\" width=\"18\" height=\"12\" alt=\"sv_SE\" title=\"Svenska\"> Svenska\t\t<\/a>\n                    <a href=\"https:\/\/gabriele-rohr.com\/sv\/wp-json\/wp\/v2\/pages\/411\" title=\"Deutsch\">\n            <img loading=\"lazy\" decoding=\"async\" class=\"trp-flag-image\" src=\"https:\/\/gabriele-rohr.com\/wp-content\/plugins\/translatepress-multilingual\/assets\/images\/flags\/de_DE.png\" width=\"18\" height=\"12\" alt=\"de_DE\" title=\"Deutsch\"> Deutsch        <\/a>\n\n        <\/div>\n    <script type=\"application\/javascript\">\n        \/\/ need to have the same with set from JS on both divs. Otherwise it can push stuff around in HTML\n        var trp_ls_shortcodes = document.querySelectorAll('.trp_language_switcher_shortcode .trp-language-switcher');\n        if ( trp_ls_shortcodes.length > 0) {\n            \/\/ get the last language switcher added\n            var trp_el = trp_ls_shortcodes[trp_ls_shortcodes.length - 1];\n\n            var trp_shortcode_language_item = trp_el.querySelector( '.trp-ls-shortcode-language' )\n            \/\/ set width\n            var trp_ls_shortcode_width                                               = trp_shortcode_language_item.offsetWidth + 16;\n            trp_shortcode_language_item.style.width                                  = trp_ls_shortcode_width + 'px';\n            trp_el.querySelector( '.trp-ls-shortcode-current-language' ).style.width = trp_ls_shortcode_width + 'px';\n\n            \/\/ We're putting this on display: none after we have its width.\n            trp_shortcode_language_item.style.display = 'none';\n        }\n    <\/script>\n<\/div>\n<\/div>\u00dcber MichIch hei\u00dfe Gabriele Rohr und lebe seit 2005 gemeinsam mit meinem Mann im wundersch\u00f6nen Sm\u00e5land in Schweden. Aufgewachsen bin ich in der DDR, war in dieser Zeit 20 Jahre aktiv als Leistungssportlerin, absolvierte ein Sportstudium und f\u00fchrte nach der Wende ein eigenes Sportgesch\u00e4ft.Irgendwann reifte der Entschluss auszuwandern. Nun genie\u00dfen wir unser Leben hier inmitten [&hellip;]<\/p>","protected":false},"author":1,"featured_media":0,"parent":0,"menu_order":0,"comment_status":"closed","ping_status":"closed","template":"","meta":{"_et_pb_use_builder":"on","_et_pb_old_content":"","_et_gb_content_width":"","footnotes":""},"class_list":["post-411","page","type-page","status-publish","hentry"],"_links":{"self":[{"href":"https:\/\/gabriele-rohr.com\/sv\/wp-json\/wp\/v2\/pages\/411","targetHints":{"allow":["GET"]}}],"collection":[{"href":"https:\/\/gabriele-rohr.com\/sv\/wp-json\/wp\/v2\/pages"}],"about":[{"href":"https:\/\/gabriele-rohr.com\/sv\/wp-json\/wp\/v2\/types\/page"}],"author":[{"embeddable":true,"href":"https:\/\/gabriele-rohr.com\/sv\/wp-json\/wp\/v2\/users\/1"}],"replies":[{"embeddable":true,"href":"https:\/\/gabriele-rohr.com\/sv\/wp-json\/wp\/v2\/comments?post=411"}],"version-history":[{"count":11,"href":"https:\/\/gabriele-rohr.com\/sv\/wp-json\/wp\/v2\/pages\/411\/revisions"}],"predecessor-version":[{"id":2882,"href":"https:\/\/gabriele-rohr.com\/sv\/wp-json\/wp\/v2\/pages\/411\/revisions\/2882"}],"wp:attachment":[{"href":"https:\/\/gabriele-rohr.com\/sv\/wp-json\/wp\/v2\/media?parent=411"}],"curies":[{"name":"wp","href":"https:\/\/api.w.org\/{rel}","templated":true}]}}